 {"id":67,"date":"2016-05-26T15:02:18","date_gmt":"2016-05-26T15:02:18","guid":{"rendered":"http:\/\/stenhammargroup.com\/?page_id=67"},"modified":"2025-09-08T14:12:17","modified_gmt":"2025-09-08T14:12:17","slug":"publications","status":"publish","type":"page","link":"https:\/\/www.stenhammargroup.com\/?page_id=67","title":{"rendered":"Publications"},"content":{"rendered":"<p>Most of my peer-reviewed papers since 2013 can also be found in their final (but unformatted) version on <a href=\"https:\/\/arxiv.org\/search\/?query=joakim+stenhammar&amp;searchtype=all&amp;source=header\">my arXiv page<\/a><br \/>\nFurther publication data can be found on <a href=\"https:\/\/scholar.google.se\/citations?user=U-U9IMQAAAAJ&amp;hl=sv&amp;oi=ao\">my Google Scholar page<\/a><br \/>\nORCID ID: <a href=\"https:\/\/orcid.org\/0000-0002-7543-5549\">0000-0002-7543-5549<\/a><\/p>\n<p><span style=\"font-size: 14pt;\"><strong>2025<\/strong><\/span><\/p>\n<p>I. El Korde, J. M. Lewis, E. Clarkson, T. Dam, P. J\u00f6nsson, T. Ambj\u00f6rnsson, and <strong>J. Stenhammar<br \/>\n<\/strong>\u201cA light-weight segmentation method for multi-state Brownian trajectories\u201c<br \/>\nSubmitted manuscript, preprint available on <a href=\"https:\/\/doi.org\/10.1101\/2025.06.05.658053\">bioRxiv:2025.06.05.658053<\/a><\/p>\n<p>I. El Korde, D. B\u00e1rdfalvy, J. M. Lewis, A. Morozov, C. Nardini, and <strong>J. Stenhammar<br \/>\n<\/strong>\u201cPseudo-giant number fluctuations and nematic order in microswimmer suspensions\u201c<br \/>\n<em>Phys. Rev. Lett.<\/em> <strong>135<\/strong>, 098302 (2025). DOI:<a href=\"https:\/\/doi.org\/10.1103\/31q1-hj3n\">10.1103\/31q1-hj3n<\/a><\/p>\n<p>H. Wennerstr\u00f6m, E. Sparr, and <strong>J. Stenhammar<br \/>\n<\/strong>\u201cOn the coupling between membrane bending and stretching in lipid vesicles\u201c<strong><br \/>\n<\/strong><em>J. Colloid Interface Sci.<\/em><strong> 690<\/strong>, 137279 (2025). DOI:<a href=\"https:\/\/doi.org\/10.1016\/j.jcis.2025.137279\">10.1016\/j.jcis.2025.137279<\/a><\/p>\n<p><strong>J. Stenhammar<br \/>\n<\/strong>\u201cOm starflockar och livets termodynamik\u201c<br \/>\n<em>Gl\u00e4nta\u00a0<\/em>3-4 (2024)<br \/>\nPublished in English in <a href=\"https:\/\/www.eurozine.com\/on-starlings-and-the-thermodynamics-of-life\/\">Eurozine<\/a><\/p>\n<p><span style=\"font-size: 14pt;\"><strong>2024<\/strong><\/span><\/p>\n<p>D. B\u00e1rdfalvy, V. \u0160kult\u00e9ty, C. Nardini, A. Morozov, and <strong>J. Stenhammar<\/strong><br \/>\n\u201cCollective motion in a sheet of microswimmers\u201c<br \/>\n<em>Commun. Phys. <\/em><strong>7<\/strong>, 93 (2024). DOI: <a href=\"https:\/\/doi.org\/10.1038\/s42005-024-01587-9\">10.1038\/s42005-024-01587-9<\/a><\/p>\n<p>V. \u0160kult\u00e9ty, D. B\u00e1rdfalvy, <strong>J. Stenhammar<\/strong>, C. Nardini, and A. Morozov<br \/>\n\u201cHydrodynamic instabilities in a 2-D sheet of microswimmers embedded in a 3-D fluid\u201c<br \/>\n<em>J. Fluid Mech.<\/em> <strong>980<\/strong>, A28 (2024). DOI: <a href=\"https:\/\/doi.org\/10.1017\/jfm.2023.985\">10.1017\/jfm.2023.985<\/a><\/p>\n<p><span style=\"font-size: 14pt;\"><span style=\"font-size: 12pt;\">S. Br\u00f6ker, M. te Vrugt, J. Jeggle, <strong>J. Stenhammar<\/strong>, and R. Wittkowski<br \/>\n<\/span><\/span><span style=\"font-size: 14pt;\"><span style=\"font-size: 12pt;\">\u201cPair-distribution function of active Brownian spheres in three spatial dimensions: simulation results and analytical representation\u201c<br \/>\n<em>Soft Matter<\/em> <strong>20<\/strong>, 224 (2024). DOI:\u00a0<a href=\"https:\/\/doi.org\/10.1039\/D3SM00987D\">10.1039\/D3SM00987D<\/a><br \/>\n<\/span><\/span><\/p>\n<p><span style=\"font-size: 14pt;\"><strong>2023<\/strong><\/span><\/p>\n<p>H. Nordanger, A. Morozov, and <strong>J. Stenhammar<br \/>\n<\/strong>\u201cInterplay between Brownian and hydrodynamic tracer diffusion in suspensions of swimming microorganisms\u201c<br \/>\n<em>J. Fluid Mech. <\/em><strong>974<\/strong>, A25 (2023). DOI: <a href=\"https:\/\/doi.org\/10.1017\/jfm.2023.850\">10.1017\/jfm.2023.850<\/a><\/p>\n<p>A. Ridolfi, J. Cardellini, F. Gashi, M. J. C. van Herwijnen, M. Trulsson, J. Campos-Ter\u00e1n, M. H. M. Wauben, D. Berti, T. Nylander, and <strong>J. Stenhammar<br \/>\n<\/strong>\u201cElectrostatic interactions control the adsorption of extracellular vesicles onto supported lipid bilayers\u201c<br \/>\n<em>J. Colloid Interface Sci. <\/em><strong>650<\/strong>, 883 (2023). DOI: <a href=\"https:\/\/doi.org\/10.1016\/j.jcis.2023.07.018\">10.1016\/j.jcis.2023.07.018<\/a><\/p>\n<p><span style=\"font-size: 14pt;\"><strong>2022<\/strong><\/span><\/p>\n<p>H. Wennerstr\u00f6m, E. Sparr, and <strong>J. Stenhammar<br \/>\n<\/strong>\u201cThermal fluctuations and osmotic stability of lipid vesicles\u201c<br \/>\n<em>Phys. Rev. E<\/em><strong> 106<\/strong>, 064607 (2022). DOI: <a href=\"https:\/\/doi.org\/10.1103\/PhysRevE.106.064607\">10.1103\/PhysRevE.106.064607<\/a><\/p>\n<p>T. Nitschke, <strong>J. Stenhammar<\/strong>, and R. Wittkowski<br \/>\n\u201cCollective guiding of acoustically propelled nano- and microparticles\u201c<br \/>\n<i>Nanoscale Adv.<\/i> <strong>4<\/strong>, 2844 (2022). DOI: <a href=\"https:\/\/doi.org\/10.1039\/D2NA00007E\">10.1039\/D2NA00007E<\/a><\/p>\n<p>H. Nordanger, A. Morozov, and <strong>J. Stenhammar<br \/>\n<\/strong>\u201cAnisotropic diffusion of ellipsoidal tracers in microswimmer suspensions\u201c<br \/>\n<em>Phys. Rev. Fluids<\/em> <strong>7<\/strong>, 013103 (2022). DOI: <a href=\"https:\/\/doi.org\/10.1103\/PhysRevFluids.7.013103\">10.1103\/PhysRevFluids.7.013103<\/a><\/p>\n<p>X. Liu, <strong>J. Stenhammar<\/strong>, H. Wennerstr\u00f6m, and E. Sparr<br \/>\n\u201cVesicles Balance Osmotic Stress with Bending Energy that can be Released to Form Daughter Vesicles\u201c<br \/>\n<em>J. Phys. Chem. Lett.<\/em> <strong>13<\/strong>, 498 (2022). DOI: <a href=\"https:\/\/doi.org\/10.1021\/acs.jpclett.1c03369\">10.1021\/acs.jpclett.1c03369<\/a><\/p>\n<p><span style=\"font-size: 14pt;\"><strong>2021<\/strong><\/span><\/p>\n<p><strong>J. Stenhammar<br \/>\n<\/strong>\u201cAn Introduction to Motility-Induced Phase Separation\u201c<br \/>\n<a href=\"https:\/\/arxiv.org\/abs\/2112.05024\">arXiv:2112.05024<\/a><\/p>\n<p>M. J. Bergman, S. N\u00f6jd, P. S. Mohanty, N. Boon, J. N. Immink, J. J. E. Maris, <strong>J. Stenhammar<\/strong>, and P. Schurtenberger<br \/>\n\u201cOn the Role of Softness in Ionic Microgel Interactions\u201c<br \/>\n<em>Soft Matter <\/em><strong>17<\/strong>, 10063 (2021). DOI: <a href=\"https:\/\/doi.org\/10.1039\/D1SM01222C\">10.1039\/D1SM01222C<\/a><\/p>\n<p>J. N. Immink, J. J. E. Maris, R. Capellmann, S. Egelhaaf, P. Schurtenberger, and <strong>J. Stenhammar<br \/>\n<\/strong>\u201cArGSLab: A tool for analyzing experimental or simulated particle networks\u201c<br \/>\n<em>Soft Matter<\/em>\u00a0<strong>17<\/strong>, 8354 (2021). DOI: <a href=\"https:\/\/doi.org\/10.1039\/D1SM00692D\">10.1039\/D1SM00692D<\/a><\/p>\n<p><span style=\"font-size: 14pt;\"><strong>2020<\/strong><\/span><\/p>\n<p>J. N. Immink, M. J. Bergman, J. J. E. Maris, <strong>J. Stenhammar<\/strong>, and P. Schurtenberger<br \/>\n\u201cCrystal-to-Crystal Transitions in Binary Mixtures of Soft Colloids\u201c<br \/>\n<em>ACS Nano<\/em> <strong>14<\/strong>, 14861 (2020). DOI: <a href=\"https:\/\/doi.org\/10.1021\/acsnano.0c03966\">10.1021\/acsnano.0c03966<\/a><\/p>\n<p>D. B\u00e1rdfalvy, S. Anjum, C. Nardini, A. Morozov, and <strong>J. Stenhammar<br \/>\n<\/strong>\u201cSymmetric mixtures of pusher and puller microswimmers behave as noninteracting suspensions\u201c<br \/>\n<em>Phys. Rev. Lett.<\/em> <strong>125<\/strong>, 018003 (2020). DOI: <a href=\"https:\/\/doi.org\/10.1103\/PhysRevLett.125.018003\">10.1103\/PhysRevLett.125.018003<\/a><br \/>\n<strong>Highlighted on <a href=\"https:\/\/phys.org\/news\/2020-08-flocking-behaviour-microorganisms-eaten.html\">Phys.org<\/a>, <a href=\"https:\/\/www.eurekalert.org\/pub_releases\/2020-08\/lu-lfb082420.php\">EurekAlert!<\/a>, <a href=\"https:\/\/www.sciencedaily.com\/releases\/2020\/08\/200824105602.htm\">ScienceDaily<\/a>, <a href=\"https:\/\/www.forskning.se\/2020\/08\/18\/minskat-flockbeteenden-hos-mikroorganismer-minskar-risken-att-bli-uppaten\/\">Forskning.se<\/a>, and other media outlets<\/strong><\/p>\n<p>M. Shafiei Aporvari, M. Utkur, E. U. Saritas, G. Volpe, and <strong>J. Stenhammar<br \/>\n<\/strong>\u201cAnisotropic dynamics of a self-assembled colloidal chain in an active bath\u201c<br \/>\n<em>Soft Matter<\/em> <strong>16<\/strong>, 5609 (2020). DOI: <a href=\"https:\/\/doi.org\/10.1039\/D0SM00318B\">10.1039\/D0SM00318B<\/a><br \/>\n<strong>Featured on the back cover<\/strong><\/p>\n<p>H. Wennerstr\u00f6m and <strong>J. Stenhammar<\/strong><br \/>\n\u201cDerivation of the Derjaguin approximation for the case of inhomogeneous solvents\u201c<br \/>\n<em>J. Chem. Phys.<\/em> <strong>152<\/strong>, 234704 (2020). DOI: <a href=\"https:\/\/doi.org\/10.1063\/5.0011446\">10.1063\/5.0011446<\/a><br \/>\n<strong>Featured as &#8220;Editor&#8217;s pick&#8221;<\/strong><\/p>\n<p>J. Immink, J. J. E. Maris, P Schurtenberger, and <strong>J. Stenhammar<br \/>\n<\/strong> \u201cUsing patchy particles to prevent local rearrangements in models of non-equilibrium colloidal gels\u201c<br \/>\n<em>Langmuir<\/em> <strong>36<\/strong>, 419 (2020). DOI: <a href=\"http:\/\/doi.org\/10.1021\/acs.langmuir.9b02675\">10.1021\/acs.langmuir.9b02675<\/a><\/p>\n<p>V. \u0160kult\u00e9ty, C. Nardini,<strong> J. Stenhammar<\/strong>, D. Marenduzzo, and A. Morozov<br \/>\n\u201cSwimming suppresses correlations in dilute suspensions of pusher microorganisms\u201c<br \/>\n<em>Phys. Rev. X<\/em> <strong>10<\/strong>, 031059 (2020). DOI: <a href=\"https:\/\/doi.org\/10.1103\/PhysRevX.10.031059\">10.1103\/PhysRevX.10.031059<\/a><\/p>\n<p>A. R\u00fcter, S. Kuczera, <strong>J. Stenhammar<\/strong>, T. Zinn, T. Narayanan, and U. Olsson<br \/>\n\u201cTube to ribbon transition in a self-assembling model peptide system\u201c<br \/>\n<em>Phys. Chem. Chem. Phys.<\/em>\u00a0<strong>22<\/strong>, 18320 (2020). DOI: <a href=\"https:\/\/doi.org\/10.1039\/D0CP03204B\">10.1039\/D0CP03204B<\/a><\/p>\n<p>J. Jeggle, <strong>J. Stenhammar<\/strong>, and R. Wittkowski<br \/>\n\u201cPair-distribution function of active Brownian spheres in two spatial dimensions: Simulation results and analytic representation\u201c<br \/>\n<em>J. Chem. Phys.\u00a0<\/em><strong>152<\/strong>, 194903 (2020). DOI: <a href=\"https:\/\/doi.org\/10.1063\/1.5140725\">10.1063\/1.5140725<\/a><\/p>\n<p><span style=\"font-size: 14pt;\"><strong>2019<\/strong><\/span><\/p>\n<p>D. B\u00e1rdfalvy, H. Nordanger, C. Nardini, A. Morozov, and <strong>J. Stenhammar<br \/>\n<\/strong>\u201cParticle-resolved lattice Boltzmann simulations of 3-dimensional active turbulence\u201c<br \/>\n<em>Soft Matter<\/em> <strong>15<\/strong>, 7747 (2019). DOI: <a href=\"http:\/\/doi.org\/10.1039\/C9SM00774A\">10.1039\/C9SM00774A<\/a><br \/>\n<strong>Featured on the front cover<\/strong><\/p>\n<p>J. Immink, J. J. E. Maris, J. J. Crassous, <strong>J. Stenhammar<\/strong>, and P. Schurtenberger<br \/>\n\u201cReversible Formation of Thermoresponsive Binary Particle Gels with Tunable Structural and Mechanical Properties\u201c<br \/>\n<em>ACS Nano <\/em><strong>13<\/strong>, 3292 (2019). DOI: <a href=\"http:\/\/doi.org\/10.1021\/acsnano.8b09139\">10.1021\/acsnano.8b09139<\/a><\/p>\n<p style=\"text-align: left;\"><span style=\"font-size: 14pt;\"><strong>2018<\/strong><\/span><\/p>\n<p style=\"text-align: left;\">A. P. Solon, <strong>J. Stenhammar<\/strong>, M. E. Cates, Y. Kafri, and J. Tailleur<br \/>\n\u201cGeneralized thermodynamics of motility-induced phase separation: phase equilibria, Laplace pressure, and change of ensembles\u201c,<br \/>\n<em>New J. Phys.\u00a0<\/em><strong>20<\/strong>, 075001\u00a0(2018). DOI:\u00a0<a href=\"https:\/\/doi.org\/10.1088\/1367-2630\/aaccdd\">10.1088\/1367-2630\/aaccdd<\/a><\/p>\n<p style=\"text-align: left;\">C. N. Likos and <strong>J. Stenhammar<br \/>\n<\/strong>\u201cElectrostatics and Soft Matter: a Themed Collection in memory of Per Linse&#8221;,<br \/>\n<em>Soft Matter<\/em>\u00a0<strong>14<\/strong>, 4019 (2018). DOI:\u00a0<a href=\"https:\/\/doi.org\/10.1039\/C8SM90077A\">10.1039\/C8SM90077A<\/a><\/p>\n<p style=\"text-align: left;\">A. P. Solon, <strong>J. Stenhammar<\/strong>, M. E. Cates, Y. Kafri, and J. Tailleur<br \/>\n\u201cGeneralized thermodynamics of phase equilibria in scalar active matter\u201c,<br \/>\n<em>Phys. Rev. E<\/em> <strong>97<\/strong>, 020602(R) (2018). DOI: <a href=\"https:\/\/doi.org\/10.1103\/PhysRevE.97.020602\">10.1103\/PhysRevE.97.020602<\/a><\/p>\n<p style=\"text-align: left;\"><span style=\"font-size: 14pt;\"><strong>2017<\/strong><\/span><\/p>\n<p style=\"text-align: left;\"><strong>J. Stenhammar<\/strong>, C. Nardini, R. W. Nash, D. Marenduzzo, and A. Morozov<br \/>\n\u201cRole of correlations in the collective behavior of microswimmer suspensions\u201c,<br \/>\n<em>Phys. Rev. Lett.<\/em>\u00a0<strong>119<\/strong>,\u00a0028005 (2017). DOI:\u00a0<a href=\"https:\/\/doi.org\/10.1103\/PhysRevLett.119.028005\">10.1103\/PhysRevLett.119.028005<\/a><br \/>\n<strong>Selected as a cover story and for a <a href=\"https:\/\/physics.aps.org\/synopsis-for\/10.1103\/PhysRevLett.119.028005\">Synopsis in <em>Physics<\/em><\/a><br \/>\nHighlighted on <a href=\"https:\/\/phys.org\/news\/2017-07-bacteria.html\">Phys.org<\/a>, <a href=\"https:\/\/www.eurekalert.org\/pub_releases\/2017-07\/lu-bns071417.php\">EurekAlert!<\/a>, <a href=\"http:\/\/www.sciencenewsline.com\/news\/2017071418070017.html\">ScienceNewsline<\/a>, <a href=\"http:\/\/www.forskning.se\/2017\/07\/14\/bakterier-visar-flockbeteende\/\">Forskning.se<\/a>, <\/strong><strong><a href=\"http:\/\/www.landlantbruk.se\/lantbruk\/bakterier-kan-visa-flockbeteende\/\">Land Lantbruk<\/a> and other media outlets<br \/>\n<\/strong><\/p>\n<p style=\"text-align: left;\">J. de Graaf and <strong>J. Stenhammar<\/strong><br \/>\n\u201cStirring by periodic arrays of microswimmers\u201c,<br \/>\n<em>J. Fluid. Mech.<\/em> <strong>811<\/strong>, <span class=\"date do-not-mathjax\">487-498<\/span> (2017). DOI: <a href=\"https:\/\/doi.org\/10.1017\/jfm.2016.797\">10.1017\/jfm.2016.797<\/a><\/p>\n<p style=\"text-align: left;\">R. Wittkowski, <strong>J. Stenhammar<\/strong>, and M. E. Cates<br \/>\n\u201cNonequilibrium dynamics of mixtures of active and passive colloidal particles\u201c,<br \/>\n<em>New<\/em> <em>J. Phys.<\/em> <strong>19<\/strong>, 105003 (2017). DOI:<a href=\"https:\/\/doi.org\/10.1088\/1367-2630\/aa8195\"> 10.1088\/1367-2630\/aa8195<\/a><\/p>\n<p style=\"text-align: left;\">A. Azari, J. J. Crassous, A. M. Mihut, E. Bialik, P. Schurtenberger,<strong> J. Stenhammar<\/strong>, and P. Linse<br \/>\n\u201cDirected Self-Assembly of Polarizable Ellipsoids in an External Electric Field\u201c,<br \/>\n<em>Langmuir <\/em><strong>33<\/strong>, 13834 (2017). DOI: <a href=\"http:\/\/dx.doi.org\/10.1021\/acs.langmuir.7b02040\">10.1021\/acs.langmuir.7b02040<\/a><\/p>\n<p style=\"text-align: left;\"><strong>J. Stenhammar<\/strong><br \/>\n\u201cEn bakterie simmar aldrig ensam\u201d,<br \/>\n<em>Kemiv\u00e4rlden Biotech<\/em>\u00a05\/2017.\u00a0<a href=\"http:\/\/www.stenhammargroup.com\/wp-content\/uploads\/2017\/09\/KEM_05_2017_Stenhammar.pdf\">PDF Download link<\/a>\u00a0(in Swedish)<\/p>\n<p style=\"text-align: left;\"><span style=\"font-size: 14pt;\"><strong>2016<\/strong><\/span><\/p>\n<p style=\"text-align: left;\"><strong>J. Stenhammar<\/strong>, R. Wittkowski, D. Marenduzzo, and M. E. Cates<br \/>\n\u201cLight-induced self-assembly of active rectification devices\u201d,<br \/>\n<em>Sci. Adv.<\/em> <strong>2<\/strong>, e1501850 (2016). DOI: <a href=\"http:\/\/dx.doi.org\/10.1126\/sciadv.1501850\">10.1126\/sciadv.1501850<\/a><br \/>\n<strong>Featured as a \u201cResearch Highlight\u201d in <a href=\"http:\/\/dx.doi.org\/10.1038\/nphys3764\">Nature Physics<\/a>, as well as news features in <a href=\"http:\/\/www.dn.se\/arkiv\/nyheter\/genombrott-kan-ge-smarta-material\/\">Dagens Nyheter,<\/a> Svenska Dagbladet, Sydsvenska Dagbladet, <a href=\"http:\/\/www.designnews.com\/author.asp?section_id=1386&amp;doc_id=280608&amp;f_src=designnews_section_1386\">DesignNews<\/a>, <a href=\"http:\/\/www.chemicalprocessing.com\/blogs\/chemical-reaction\/did-science-go-disco-on-programmable-materials\/\">chemicalprocessing.com<\/a>, <a href=\"http:\/\/www.eurekalert.org\/pub_releases\/2016-04\/lu-lhd040116.php\">EurekAlert<\/a> and other media channels<\/strong><\/p>\n<p style=\"text-align: left;\">J. de Graaf and <strong>J. Stenhammar<br \/>\n<\/strong>\u201cLattice-Boltzmann simulations of microswimmer-tracer interactions\u201c,<strong><br \/>\n<\/strong><em>Phys. Rev. E <\/em><strong>95<\/strong>, 023302 (2016). DOI: <a href=\"https:\/\/doi.org\/10.1103\/PhysRevE.95.023302\">10.1103\/PhysRevE.95.023302<\/a><\/p>\n<p style=\"text-align: left;\"><strong>J. Stenhammar<\/strong><br \/>\n\u201cAktiva kolloider bygger programmerbara material\u201d,<br \/>\n<em>Kemiv\u00e4rlden Biotech<\/em> 3\/2016. <a href=\"http:\/\/stenhammargroup.com\/wp-content\/uploads\/2016\/05\/Kemivarlden_03_2016.pdf\">PDF download link<\/a>\u00a0(in Swedish)<\/p>\n<p style=\"text-align: left;\"><strong><span style=\"font-size: 14pt;\">2015<\/span><\/strong><\/p>\n<p style=\"text-align: left;\">A. P. Solon, <strong>J. Stenhammar<\/strong>, R. Wittkowski, M. Kardar, Y. Kafri, M. E. Cates, and J. Tailleur<br \/>\n\u201cPressure and phase equilibria in interacting active Brownian spheres\u201d,<br \/>\n<em>Phys. Rev. Lett.<\/em> <strong>114<\/strong>, 198301 (2015). DOI: <a href=\"http:\/\/dx.doi.org\/10.1103\/PhysRevLett.114.198301\">10.1103\/PhysRevLett.114.198301<\/a><br \/>\n<strong>Article selected as \u201cEditors\u2019 Choice\u201d and for a <a href=\"http:\/\/physics.aps.org\/articles\/v8\/44\">viewpoint in <em>Physics<\/em><\/a><\/strong><\/p>\n<p style=\"text-align: left;\"><strong>J. Stenhammar<\/strong>, R. Wittkowski, D. Marenduzzo, and M. E. Cates<br \/>\n\u201cActivity-induced phase separation and self-assembly in mixtures of active and passive particles\u201d,<br \/>\n<em>Phys. Rev. Lett.<\/em> <strong>114<\/strong>, 018301 (2015). DOI: <a href=\"http:\/\/dx.doi.org\/10.1103\/PhysRevLett.114.018301\">10.1103\/PhysRevLett.114.018301<\/a><\/p>\n<p style=\"text-align: left;\"><strong><span style=\"font-size: 14pt;\">2014<\/span><\/strong><\/p>\n<p style=\"text-align: left;\">R. Wittkowski, A. Tiribocchi, <strong>J. Stenhammar<\/strong>, R. J. Allen, D. Marenduzzo, and M. E. Cates<br \/>\n\u201cScalar <em>\u03c6<\/em><sup>4<\/sup> field theory for active-particle phase separation\u201d,<br \/>\n<em>Nat. Commun.<\/em> <strong>5<\/strong>, 4351 (2014). DOI: <a href=\"http:\/\/dx.doi.org\/10.1038\/ncomms5351\">10.1038\/ncomms5351<\/a><\/p>\n<p style=\"text-align: left;\"><strong>J. Stenhammar<\/strong>, R. J. Allen, D. Marenduzzo, and M. E. Cates<br \/>\n\u201cPhase behaviour of active Brownian particles: the role of dimensionality\u201d,<em><br \/>\nSoft Matter<\/em> <strong>10<\/strong>, 1489 (2014). DOI: <a href=\"http:\/\/dx.doi.org\/10.1039\/C3SM52813H\">10.1039\/C3SM52813H<\/a><br \/>\n<strong>On the top 20 list of most accessed Soft Matter articles in 2014<\/strong><\/p>\n<p style=\"text-align: left;\"><strong><span style=\"font-size: 14pt;\">2013<\/span><\/strong><\/p>\n<p style=\"text-align: left;\"><strong>J. Stenhammar<\/strong>, A. Tiribocchi, D. Marenduzzo, R. J. Allen, and M. E. Cates<br \/>\n\u201cContinuum theory of phase separation kinetics for active Brownian particles\u201d,<br \/>\n<em>Phys. Rev. Lett.<\/em> <strong>111<\/strong>, 145702 (2013). DOI: <a href=\"http:\/\/dx.doi.org\/10.1103\/PhysRevLett.111.145702\">10.1103\/PhysRevLett.111.145702<\/a><\/p>\n<p style=\"text-align: left;\"><strong><span style=\"font-size: 14pt;\">Before 2013 (PhD work)<\/span><\/strong><\/p>\n<p style=\"text-align: left;\"><strong>J. Stenhammar<\/strong><br \/>\n\u201cTheoretical Studies of Simple Polar Fluids\u201d,<br \/>\nPhD thesis, Lund University, 2012. ISBN:\u00a0978-91-7422-287-6. <a href=\"https:\/\/lup.lub.lu.se\/search\/ws\/files\/5458723\/2219273.pdf\">PDF download link<\/a><\/p>\n<p style=\"text-align: left;\"><strong>J. Stenhammar<\/strong>, P. Linse, and G. Karlstr\u00f6m<br \/>\n\u201cStructural anisotropy in polar fluids subjected to periodic boundary conditions\u201d,<br \/>\n<em>J. Chem. Theor. Comput.<\/em> <strong>7<\/strong>, 4165 (2011). DOI: <a href=\"http:\/\/dx.doi.org\/10.1021\/ct200592k\">10.1021\/ct200592k<\/a><\/p>\n<p style=\"text-align: left;\"><strong>J. Stenhammar <\/strong>and M. Trulsson<br \/>\n\u201cClassical van der Waals interactions between spherical bodies of dipolar fluid\u201d,<br \/>\n<em>Phys. Rev. E<\/em> <strong>84<\/strong>, 011117 (2011). DOI: <a href=\"http:\/\/dx.doi.org\/10.1103\/PhysRevE.84.011117\">10.1103\/PhysRevE.84.011117<\/a><\/p>\n<p style=\"text-align: left;\"><strong>J. Stenhammar<\/strong>, M. Trulsson, and P. Linse<br \/>\n\u201cSome comments and corrections regarding the calculation of electrostatic potential derivatives using the Ewald summation technique\u201d,<br \/>\n<em>J. Chem. Phys.<\/em> <strong>134<\/strong>, 224104 (2011). DOI: <a href=\"http:\/\/dx.doi.org\/10.1063\/1.3599045\">10.1063\/1.3599045<\/a><br \/>\n<strong>On the top 20 list of most downloaded J. Chem. Phys. articles in June 2011<\/strong><\/p>\n<p style=\"text-align: left;\"><strong>J. Stenhammar<\/strong>, P. Linse, and G. Karlstr\u00f6m<br \/>\n\u201cAnisotropic electric fluctuations in polar liquids under spherical confinement\u201d,<br \/>\n<em>Mol. Phys.<\/em> <strong>109<\/strong>, 11 (2011). DOI: <a href=\"http:\/\/dx.doi.org\/10.1080\/00268976.2010.506693\">10.1080\/00268976.2010.506693<\/a><\/p>\n<p style=\"text-align: left;\"><strong>J. Stenhammar<\/strong>, P. Linse, and G. Karlstr\u00f6m<br \/>\n\u201cA unified treatment of polar solvation using electrostatic fluctuations\u201d,<br \/>\n<em>Chem. Phys. Lett.<\/em> <strong>501<\/strong>, 364 (2011). DOI: <a href=\"http:\/\/dx.doi.org\/10.1016\/j.cplett.2010.12.008\">10.1016\/j.cplett.2010.12.008<\/a><\/p>\n<p style=\"text-align: left;\"><strong>J. Stenhammar<\/strong>, P. Linse, H. Wennerstr\u00f6m, and G. Karlstr\u00f6m<br \/>\n\u201cAn exact calculation of the van der Waals interaction between two spheres of classical dipolar fluid\u201d,<br \/>\n<em>J. Phys. Chem. B<\/em> <strong>114<\/strong>, 13372 (2010). DOI: <a href=\"http:\/\/dx.doi.org\/10.1021\/jp105754t\">10.1021\/jp105754t<\/a><\/p>\n<p style=\"text-align: left;\"><strong>J. Stenhammar<\/strong>, P. Linse, and G. Karlstr\u00f6m<br \/>\n\u201cBulk simulation of polar liquids in spherical symmetry\u201d,<br \/>\n<em>J. Chem. Phys.<\/em> <strong>132<\/strong>, 104507 (2010). DOI: <a href=\"http:\/\/dx.doi.org\/10.1063\/1.3352423\">10.1063\/1.3352423<\/a><\/p>\n<p style=\"text-align: left;\"><strong>J. Stenhammar<\/strong>, P. Linse, and G. Karlstr\u00f6m<br \/>\n\u201cNondielectric long-range solvation of polar liquids in cubic symmetry\u201d,<br \/>\n<em>J. Chem. Phys.<\/em> <strong>131<\/strong>, 164507 (2009). DOI: <a href=\"http:\/\/dx.doi.org\/10.1063\/1.3250941\">10.1063\/1.3250941<\/a><\/p>\n<p style=\"text-align: left;\"><strong>J. Stenhammar<\/strong>, P. Linse, P.-\u00c5. Malmqvist, and G. Karlstr\u00f6m<br \/>\n\u201cElectric multipole moment fluctuations in polar liquids\u201d,<br \/>\n<em>J. Chem. Phys.<\/em> <strong>130<\/strong>, 124521 (2009). DOI: <a href=\"http:\/\/dx.doi.org\/10.1063\/1.3100312\">10.1063\/1.3100312<\/a><\/p>\n<p style=\"text-align: left;\">G. Karlstr\u00f6m, <strong>J. Stenhammar<\/strong>, and P. Linse<br \/>\n\u201cEffects of different boundary conditions on the long-range structure of polar liquids\u201d,<br \/>\n<em>J. Phys.: Condens. Matter<\/em> <strong>20<\/strong>, 494204 (2008). DOI: <a href=\"http:\/\/dx.doi.org\/10.1088\/0953-8984\/20\/49\/494204\">10.1088\/0953-8984\/20\/49\/494204<\/a><\/p>\n<p style=\"text-align: left;\">D. Angelescu, <strong>J. Stenhammar<\/strong>, and P. Linse<br \/>\n\u201cPackaging of a flexible polyelectrolyte inside a viral capsid: Effect of salt concentration and salt valence\u201c,<br \/>\n<em>J. Phys. Chem. B<\/em> <strong>111<\/strong>, 8477 (2007). DOI: <a href=\"http:\/\/dx.doi.org\/10.1021\/jp068384o\">10.1021\/jp068384o<\/a><\/p>\n","protected":false},"excerpt":{"rendered":"<p>Most of my peer-reviewed papers since 2013 can also be found in their final (but unformatted) version on my arXiv page Further publication data can be found on my Google Scholar page ORCID ID: 0000-0002-7543-5549 2025 I. El Korde, J. <span class=\"excerpt-dots\">&hellip;<\/span> <a class=\"more-link\" href=\"https:\/\/www.stenhammargroup.com\/?page_id=67\"><span class=\"more-msg\">Continue reading &rarr;<\/span><\/a><\/p>\n","protected":false},"author":1,"featured_media":0,"parent":0,"menu_order":0,"comment_status":"closed","ping_status":"closed","template":"","meta":{"footnotes":""},"class_list":["post-67","page","type-page","status-publish","hentry"],"_links":{"self":[{"href":"https:\/\/www.stenhammargroup.com\/index.php?rest_route=\/wp\/v2\/pages\/67","targetHints":{"allow":["GET"]}}],"collection":[{"href":"https:\/\/www.stenhammargroup.com\/index.php?rest_route=\/wp\/v2\/pages"}],"about":[{"href":"https:\/\/www.stenhammargroup.com\/index.php?rest_route=\/wp\/v2\/types\/page"}],"author":[{"embeddable":true,"href":"https:\/\/www.stenhammargroup.com\/index.php?rest_route=\/wp\/v2\/users\/1"}],"replies":[{"embeddable":true,"href":"https:\/\/www.stenhammargroup.com\/index.php?rest_route=%2Fwp%2Fv2%2Fcomments&post=67"}],"version-history":[{"count":6,"href":"https:\/\/www.stenhammargroup.com\/index.php?rest_route=\/wp\/v2\/pages\/67\/revisions"}],"predecessor-version":[{"id":642,"href":"https:\/\/www.stenhammargroup.com\/index.php?rest_route=\/wp\/v2\/pages\/67\/revisions\/642"}],"wp:attachment":[{"href":"https:\/\/www.stenhammargroup.com\/index.php?rest_route=%2Fwp%2Fv2%2Fmedia&parent=67"}],"curies":[{"name":"wp","href":"https:\/\/api.w.org\/{rel}","templated":true}]}}